{"id":807,"date":"2024-09-05T15:03:46","date_gmt":"2024-09-05T15:03:46","guid":{"rendered":"https:\/\/titanworldseries.com\/titan-legend\/"},"modified":"2025-01-21T12:20:09","modified_gmt":"2025-01-21T12:20:09","slug":"titan-legend","status":"publish","type":"page","link":"https:\/\/titanworldseries.com\/en\/titan-legend\/","title":{"rendered":"Titan Legend"},"content":{"rendered":"\n<div class=\"wp-block-group alignfull custom-header-img-wrapper is-layout-flow wp-block-group-is-layout-flow\" style=\"margin-bottom:0\">\n<figure class=\"wp-block-image aligncenter size-full w-100 custom-banner\"><img loading=\"lazy\" decoding=\"async\" width=\"1280\" height=\"572\" src=\"https:\/\/titanworldseries.com\/wp-content\/uploads\/2024\/10\/img-titan-legend.jpg\" alt=\"\" class=\"wp-image-293\" srcset=\"https:\/\/titanworldseries.com\/wp-content\/uploads\/2024\/10\/img-titan-legend.jpg 1280w, https:\/\/titanworldseries.com\/wp-content\/uploads\/2024\/10\/img-titan-legend-300x134.jpg 300w, https:\/\/titanworldseries.com\/wp-content\/uploads\/2024\/10\/img-titan-legend-1024x458.jpg 1024w, https:\/\/titanworldseries.com\/wp-content\/uploads\/2024\/10\/img-titan-legend-768x343.jpg 768w\" sizes=\"auto, (max-width: 1280px) 100vw, 1280px\" \/><\/figure>\n<\/div>\n\n<div class=\"wp-block-group alignfull has-background has-global-padding is-layout-constrained wp-block-group-is-layout-constrained\" style=\"background-color:#080000;margin-top:0;margin-bottom:0\">\n<div class=\"wp-block-group alignwide has-base-2-color has-custom-color-1-background-color has-text-color has-background has-link-color wp-elements-b55c55b9b8ed02f9fc0732c95caab280 is-layout-flow wp-block-group-is-layout-flow\" style=\"margin-top:0;margin-bottom:0;padding-top:var(--wp--preset--spacing--30);padding-bottom:var(--wp--preset--spacing--30)\">\n<figure class=\"wp-block-image aligncenter size-full\"><img loading=\"lazy\" decoding=\"async\" width=\"254\" height=\"142\" src=\"https:\/\/titanworldseries.com\/wp-content\/uploads\/2024\/10\/logo-titan-legend.png\" alt=\"\" class=\"wp-image-295\"\/><\/figure>\n\n\n\n<div style=\"height:40px\" aria-hidden=\"true\" class=\"wp-block-spacer\"><\/div>\n\n\n\n<p class=\"has-text-align-center\" style=\"margin-bottom:0;font-size:clamp(0.984rem, 0.984rem + ((1vw - 0.2rem) * 0.86), 1.5rem);\"><strong>Una carrera vale tanto como el peso de su historia.<\/strong><\/p>\n\n\n\n<p class=\"has-text-align-center\" style=\"margin-top:0;font-size:clamp(0.875rem, 0.875rem + ((1vw - 0.2rem) * 0.625), 1.25rem);\">Las Titan World Series se acercan a las dos d\u00e9cadas desde su nacimiento en Marruecos. En paralelo se ha ido construyendo un relato de ganadores y ganadoras, historias personales \u00fanicas y caras habituales que han participado en todas o casi todas nuestras ediciones.<\/p>\n\n\n\n<p class=\"has-text-align-center\" style=\"font-size:clamp(0.875rem, 0.875rem + ((1vw - 0.2rem) * 0.625), 1.25rem);\">Para homenajear a esos veteranos que nos han acompa\u00f1ado en todos estos a\u00f1os de carrera y recompensar<br\/>su fidelidad se cre\u00f3 la categor\u00eda Titan Legend.<\/p>\n\n\n\n<div style=\"height:40px\" aria-hidden=\"true\" class=\"wp-block-spacer\"><\/div>\n<\/div>\n<\/div>\n\n<div class=\"wp-block-group alignfull is-layout-flow wp-block-group-is-layout-flow\" style=\"margin-top:0;margin-bottom:0\">\n<figure class=\"wp-block-image aligncenter size-full w-100\"><img loading=\"lazy\" decoding=\"async\" width=\"2560\" height=\"660\" src=\"https:\/\/titanworldseries.com\/wp-content\/uploads\/2024\/10\/img-titan-legend-people.png\" alt=\"\" class=\"wp-image-341\" srcset=\"https:\/\/titanworldseries.com\/wp-content\/uploads\/2024\/10\/img-titan-legend-people.png 2560w, https:\/\/titanworldseries.com\/wp-content\/uploads\/2024\/10\/img-titan-legend-people-300x77.png 300w, https:\/\/titanworldseries.com\/wp-content\/uploads\/2024\/10\/img-titan-legend-people-1024x264.png 1024w, https:\/\/titanworldseries.com\/wp-content\/uploads\/2024\/10\/img-titan-legend-people-768x198.png 768w, https:\/\/titanworldseries.com\/wp-content\/uploads\/2024\/10\/img-titan-legend-people-1536x396.png 1536w, https:\/\/titanworldseries.com\/wp-content\/uploads\/2024\/10\/img-titan-legend-people-2048x528.png 2048w\" sizes=\"auto, (max-width: 2560px) 100vw, 2560px\" \/><\/figure>\n<\/div>\n\n<div class=\"wp-block-group alignfull has-background has-global-padding is-layout-constrained wp-block-group-is-layout-constrained\" style=\"background-color:#080000;margin-top:0;margin-bottom:0\">\n<div class=\"wp-block-group alignwide has-base-2-color has-custom-color-1-background-color has-text-color has-background has-link-color wp-elements-34de590ec0fefc1472ac1957be2183b5 is-layout-flow wp-block-group-is-layout-flow\" style=\"margin-top:0;margin-bottom:0;padding-top:var(--wp--preset--spacing--40);padding-bottom:var(--wp--preset--spacing--40)\">\n<p style=\"font-size:clamp(0.984rem, 0.984rem + ((1vw - 0.2rem) * 0.86), 1.5rem);\"><strong>Kil\u00f3metros:<\/strong><\/p>\n\n\n\n<p style=\"font-size:clamp(0.875rem, 0.875rem + ((1vw - 0.2rem) * 0.625), 1.25rem);\">Desde el primer momento que un ciclista da una pedalada en una carrera de Titan World Series su cuentakil\u00f3metros echa a andar. Al final de cada una de nuestras carreras sumamos la distancia que cada Titan ha completado e introducimos esa cifra en una base de datos. <\/p>\n\n\n\n<p style=\"font-size:clamp(0.875rem, 0.875rem + ((1vw - 0.2rem) * 0.625), 1.25rem);\">Cuando se completan los primeros 3.500 kil\u00f3metros se adquiere inmediatamente la categor\u00eda de Titan Legend. <\/p>\n\n\n\n<p style=\"font-size:clamp(0.875rem, 0.875rem + ((1vw - 0.2rem) * 0.625), 1.25rem);\">Las marcas no terminan ah\u00ed. Quien completa 5.000 kil\u00f3metros en pruebas Titan World Series es un Titan Legend Platinum y aquellos participantes que alcanzan y superan los 10.000 kil\u00f3metros son Titan Legend Diamond.<\/p>\n\n\n\n<p class=\"has-text-align-center\" style=\"font-size:clamp(0.875rem, 0.875rem + ((1vw - 0.2rem) * 0.625), 1.25rem);\"><strong>Estas categor\u00edas no solo tienen el reconocimiento del nombre, sino que tambi\u00e9n van acompa\u00f1adas de toda una serie de ventajas como recompensa a la fidelidad. <\/strong><\/p>\n<\/div>\n<\/div>\n\n<div class=\"wp-block-group alignfull has-background has-global-padding is-layout-constrained wp-block-group-is-layout-constrained\" id=\"ventajas\" style=\"background-color:#080000;margin-top:0;margin-bottom:0\">\n<div class=\"wp-block-group alignwide has-base-2-color has-custom-color-1-background-color has-text-color has-background has-link-color wp-elements-12781fbcc67f1d6a70e4fa0d28151db9 is-layout-flow wp-block-group-is-layout-flow\" style=\"margin-top:0;margin-bottom:0;padding-top:var(--wp--preset--spacing--30);padding-right:0;padding-bottom:var(--wp--preset--spacing--40);padding-left:0\">\n<div class=\"wp-block-columns is-layout-flex wp-container-core-columns-is-layout-28f84493 wp-block-columns-is-layout-flex\">\n<div class=\"wp-block-column is-layout-flow wp-block-column-is-layout-flow\">\n<figure class=\"wp-block-image aligncenter size-full\"><img loading=\"lazy\" decoding=\"async\" width=\"206\" height=\"252\" src=\"https:\/\/titanworldseries.com\/wp-content\/uploads\/2024\/10\/legend-3500K.png\" alt=\"\" class=\"wp-image-304\"\/><\/figure>\n<\/div>\n\n\n\n<div class=\"wp-block-column is-layout-flow wp-block-column-is-layout-flow\">\n<p style=\"font-size:clamp(0.984rem, 0.984rem + ((1vw - 0.2rem) * 0.86), 1.5rem);\"><strong>Ventajas generales para Titan Legend:<\/strong><\/p>\n\n\n\n<ul style=\"font-size:clamp(0.875rem, 0.875rem + ((1vw - 0.2rem) * 0.625), 1.25rem);\" class=\"wp-block-list\">\n<li><strong>Condiciones especiales inscripci\u00f3n<\/strong>. Todos los Titan Legends cuentan con unas condiciones especiales de inscripci\u00f3n respecto al resto de participantes <\/li>\n\n\n\n<li>Ventajas en los desplazamientos a las carreras: <strong>sitio preferencial<\/strong> en el vuelo ch\u00e1rter, transfers al campamento exclusivos para Legends&#8230; <\/li>\n\n\n\n<li><strong>Acceso preferencial<\/strong> en check in, verificaciones y otras gestiones.<\/li>\n\n\n\n<li>Una <strong>clasificaci\u00f3n deportiva exclusiva<\/strong> de Legends <\/li>\n\n\n\n<li><strong>Insignia <\/strong>que identifica como Legend a cada participante junto a su puesto en la clasificaci\u00f3n general <\/li>\n\n\n\n<li><strong>Prenda personalizada<\/strong> exclusiva para cada Titan Legend <\/li>\n\n\n\n<li><strong>Placa<\/strong> que identifica como Legend en carrera<\/li>\n<\/ul>\n<\/div>\n<\/div>\n<\/div>\n\n\n\n<div class=\"wp-block-group alignwide has-base-2-color has-custom-color-1-background-color has-text-color has-background has-link-color wp-elements-cd150731469aa94e977d3629f89599cb is-layout-flow wp-block-group-is-layout-flow\" style=\"margin-top:0;margin-bottom:0;padding-top:var(--wp--preset--spacing--30);padding-right:0;padding-bottom:var(--wp--preset--spacing--40);padding-left:0\">\n<div class=\"wp-block-columns is-layout-flex wp-container-core-columns-is-layout-28f84493 wp-block-columns-is-layout-flex\">\n<div class=\"wp-block-column is-layout-flow wp-block-column-is-layout-flow\">\n<figure class=\"wp-block-image aligncenter size-full\"><img loading=\"lazy\" decoding=\"async\" width=\"191\" height=\"238\" src=\"https:\/\/titanworldseries.com\/wp-content\/uploads\/2024\/10\/legend-5000K.png\" alt=\"\" class=\"wp-image-305\"\/><\/figure>\n<\/div>\n\n\n\n<div class=\"wp-block-column is-layout-flow wp-block-column-is-layout-flow\">\n<p style=\"font-size:clamp(0.984rem, 0.984rem + ((1vw - 0.2rem) * 0.86), 1.5rem);\"><strong>Ventajas para Titan Legend Platinum:<\/strong><\/p>\n\n\n\n<ul style=\"font-size:clamp(0.875rem, 0.875rem + ((1vw - 0.2rem) * 0.625), 1.25rem);\" class=\"wp-block-list\">\n<li><strong>Prenda personalizada exclusiva<\/strong> para cada Titan Legend Platinum <\/li>\n\n\n\n<li><strong>Placa exclusiva<\/strong> de Titan Legend Platinum <\/li>\n\n\n\n<li>Un <strong>regalo en exclusiva<\/strong> dependiente de la carrera en la que se proclamen Titan Legend Platinum <\/li>\n\n\n\n<li><strong>Pack de fotos gratuito<\/strong> en la carrera en la que alcancen los 5.000 kil\u00f3metros <\/li>\n\n\n\n<li><strong>Inscripci\u00f3n gratuita<\/strong> para una carrera Titan World Series a la que se inscriba en el a\u00f1o siguiente a su proclamaci\u00f3n como Platinum <\/li>\n<\/ul>\n<\/div>\n<\/div>\n<\/div>\n\n\n\n<div class=\"wp-block-group alignwide has-base-2-color has-custom-color-1-background-color has-text-color has-background has-link-color wp-elements-46c36b75758640f235c5d1ce5182e271 is-layout-flow wp-block-group-is-layout-flow\" style=\"margin-top:0;margin-bottom:0;padding-top:var(--wp--preset--spacing--30);padding-right:0;padding-bottom:var(--wp--preset--spacing--40);padding-left:0\">\n<div class=\"wp-block-columns is-layout-flex wp-container-core-columns-is-layout-28f84493 wp-block-columns-is-layout-flex\">\n<div class=\"wp-block-column is-layout-flow wp-block-column-is-layout-flow\">\n<figure class=\"wp-block-image aligncenter size-full\"><img loading=\"lazy\" decoding=\"async\" width=\"189\" height=\"285\" src=\"https:\/\/titanworldseries.com\/wp-content\/uploads\/2024\/10\/legend-10000K.png\" alt=\"\" class=\"wp-image-306\"\/><\/figure>\n<\/div>\n\n\n\n<div class=\"wp-block-column is-layout-flow wp-block-column-is-layout-flow\">\n<p style=\"font-size:clamp(0.984rem, 0.984rem + ((1vw - 0.2rem) * 0.86), 1.5rem);\"><strong>Ventajas para Titan Legend Diamond:<\/strong><\/p>\n\n\n\n<ul style=\"font-size:clamp(0.875rem, 0.875rem + ((1vw - 0.2rem) * 0.625), 1.25rem);\" class=\"wp-block-list\">\n<li><strong>Prenda personalizada<\/strong> exclusiva para cada Titan Legend Diamond <\/li>\n\n\n\n<li><strong>Placa exclusiva<\/strong> de Titan Legend Diamond <\/li>\n\n\n\n<li>Un <strong>regalo en exclusiva<\/strong> dependiente de la carrera en la que se proclamen Titan Legend Diamond <\/li>\n\n\n\n<li><strong>Trofeo conmemorativo<\/strong> y exclusivo como Titan Legend Diamond <\/li>\n\n\n\n<li><strong>Pack de fotos gratuito<\/strong> en la carrera en la que alcancen los 10.000 kil\u00f3metros <\/li>\n\n\n\n<li><strong>V\u00eddeo conmemorativo<\/strong> de resumen de su historia en Titan World Series <\/li>\n\n\n\n<li><strong>Inscripci\u00f3n gratuita<\/strong> para una carrera Titan World Series a la que se inscriba en el a\u00f1o siguiente a su proclamaci\u00f3n como Diamond <\/li>\n<\/ul>\n<\/div>\n<\/div>\n<\/div>\n<\/div>\n","protected":false},"excerpt":{"rendered":"<p>Una carrera vale tanto como el peso de su historia. Las Titan World Series se acercan a las dos d\u00e9cadas desde su nacimiento en Marruecos. En paralelo se ha ido construyendo un relato de ganadores y ganadoras, historias personales \u00fanicas y caras habituales que han participado en todas o casi todas nuestras ediciones. Para homenajear [&hellip;]<\/p>\n","protected":false},"author":7,"featured_media":0,"parent":0,"menu_order":0,"comment_status":"closed","ping_status":"closed","template":"","meta":{"_acf_changed":false,"footnotes":""},"class_list":["post-807","page","type-page","status-publish","hentry"],"acf":[],"_links":{"self":[{"href":"https:\/\/titanworldseries.com\/en\/wp-json\/wp\/v2\/pages\/807","targetHints":{"allow":["GET"]}}],"collection":[{"href":"https:\/\/titanworldseries.com\/en\/wp-json\/wp\/v2\/pages"}],"about":[{"href":"https:\/\/titanworldseries.com\/en\/wp-json\/wp\/v2\/types\/page"}],"author":[{"embeddable":true,"href":"https:\/\/titanworldseries.com\/en\/wp-json\/wp\/v2\/users\/7"}],"replies":[{"embeddable":true,"href":"https:\/\/titanworldseries.com\/en\/wp-json\/wp\/v2\/comments?post=807"}],"version-history":[{"count":1,"href":"https:\/\/titanworldseries.com\/en\/wp-json\/wp\/v2\/pages\/807\/revisions"}],"predecessor-version":[{"id":808,"href":"https:\/\/titanworldseries.com\/en\/wp-json\/wp\/v2\/pages\/807\/revisions\/808"}],"wp:attachment":[{"href":"https:\/\/titanworldseries.com\/en\/wp-json\/wp\/v2\/media?parent=807"}],"curies":[{"name":"wp","href":"https:\/\/api.w.org\/{rel}","templated":true}]}}