{"id":812,"date":"2024-09-05T15:03:28","date_gmt":"2024-09-05T15:03:28","guid":{"rendered":"https:\/\/titanworldseries.com\/titan-life\/"},"modified":"2025-01-21T12:24:53","modified_gmt":"2025-01-21T12:24:53","slug":"titan-life","status":"publish","type":"page","link":"https:\/\/titanworldseries.com\/en\/titan-life\/","title":{"rendered":"Titan Life"},"content":{"rendered":"\n<div class=\"wp-block-group alignfull custom-header-img-wrapper is-layout-flow wp-block-group-is-layout-flow\" style=\"margin-bottom:var(--wp--preset--spacing--40)\">\n<figure class=\"wp-block-image aligncenter size-full w-100 custom-banner\"><img loading=\"lazy\" decoding=\"async\" width=\"1275\" height=\"721\" src=\"https:\/\/titanworldseries.com\/wp-content\/uploads\/2024\/09\/img-titan-life.jpg\" alt=\"\" class=\"wp-image-152\" style=\"object-fit:cover\" srcset=\"https:\/\/titanworldseries.com\/wp-content\/uploads\/2024\/09\/img-titan-life.jpg 1275w, https:\/\/titanworldseries.com\/wp-content\/uploads\/2024\/09\/img-titan-life-300x170.jpg 300w, https:\/\/titanworldseries.com\/wp-content\/uploads\/2024\/09\/img-titan-life-1024x579.jpg 1024w, https:\/\/titanworldseries.com\/wp-content\/uploads\/2024\/09\/img-titan-life-768x434.jpg 768w\" sizes=\"auto, (max-width: 1275px) 100vw, 1275px\" \/><\/figure>\n<\/div>\n\n<div class=\"wp-block-group has-global-padding is-layout-constrained wp-block-group-is-layout-constrained\" style=\"margin-bottom:var(--wp--preset--spacing--40)\">\n<figure class=\"wp-block-image aligncenter size-full is-resized\"><img loading=\"lazy\" decoding=\"async\" width=\"393\" height=\"213\" src=\"https:\/\/titanworldseries.com\/wp-content\/uploads\/2024\/09\/titan-life-2.png\" alt=\"\" class=\"wp-image-158\" style=\"width:393px\" srcset=\"https:\/\/titanworldseries.com\/wp-content\/uploads\/2024\/09\/titan-life-2.png 393w, https:\/\/titanworldseries.com\/wp-content\/uploads\/2024\/09\/titan-life-2-300x163.png 300w\" sizes=\"auto, (max-width: 393px) 100vw, 393px\" \/><\/figure>\n<\/div>\n\n<div class=\"wp-block-group alignwide is-layout-flow wp-block-group-is-layout-flow\">\n<p class=\"has-text-align-center\" style=\"font-size:clamp(14px, 0.875rem + ((1vw - 3.2px) * 0.625), 20px);font-style:normal;font-weight:500\">Las Titan World Series reafirman su compromiso social a trav\u00e9s del programa TITAN LIFE. Una iniciativa que tiene como objetivo implementar medidas de acci\u00f3n y concienciar a los participantes, para lograr que el paso de la caravana de las diferentes pruebas de Titan World Series sea sostenible y respetuoso con el entorno, al mismo tiempo que contribuye a la mejora de la sociedad local.<\/p>\n<\/div>\n\n<div class=\"wp-block-group alignfull has-custom-color-1-background-color has-background has-global-padding is-layout-constrained wp-container-core-group-is-layout-bab4e2ce wp-block-group-is-layout-constrained\" style=\"margin-top:var(--wp--preset--spacing--40);margin-bottom:var(--wp--preset--spacing--40);padding-top:0;padding-right:0;padding-bottom:0;padding-left:0\">\n<section class=\"wp-block-gb-for-slick-slider-slick-slider alignfull\" data-slick=\"{&quot;dots&quot;:false,&quot;arrows&quot;:false,&quot;slidesToShow&quot;:3,&quot;slidesToScroll&quot;:1,&quot;infinite&quot;:true,&quot;adaptiveHeight&quot;:false,&quot;autoplay&quot;:true,&quot;autoplaySpeed&quot;:1500,&quot;fade&quot;:false,&quot;speed&quot;:1000,&quot;centerMode&quot;:true,&quot;responsive&quot;: [{&quot;breakpoint&quot;:1024,&quot;settings&quot;:{&quot;slidesToShow&quot;:3,&quot;slidesToScroll&quot;:1,&quot;arrows&quot;:false,&quot;dots&quot;:false}},{&quot;breakpoint&quot;:768,&quot;settings&quot;:{&quot;slidesToShow&quot;:2,&quot;slidesToScroll&quot;:1,&quot;arrows&quot;:false,&quot;dots&quot;:false}},{&quot;breakpoint&quot;:600,&quot;settings&quot;:{&quot;slidesToShow&quot;:2,&quot;slidesToScroll&quot;:1,&quot;arrows&quot;:false,&quot;dots&quot;:false}},{&quot;breakpoint&quot;:480,&quot;settings&quot;:{&quot;slidesToShow&quot;:1,&quot;slidesToScroll&quot;:1,&quot;arrows&quot;:false,&quot;dots&quot;:false}}]}\" style=\"margin-right:0;margin-left:0;padding-top:0;padding-right:0;padding-bottom:0;padding-left:0\">\n<div style=\"margin-right:0px;margin-left:0px\" class=\"wp-block-gb-for-slick-slider-slick-slider-item is-layout-flow wp-block-gb-for-slick-slider-slick-slider-item-is-layout-flow\">\n<figure class=\"wp-block-image aligncenter size-full is-resized\"><img loading=\"lazy\" decoding=\"async\" width=\"600\" height=\"400\" src=\"https:\/\/titanworldseries.com\/wp-content\/uploads\/2024\/10\/titan-life-03.jpg\" alt=\"\" class=\"wp-image-407\" style=\"width:600px\" srcset=\"https:\/\/titanworldseries.com\/wp-content\/uploads\/2024\/10\/titan-life-03.jpg 600w, https:\/\/titanworldseries.com\/wp-content\/uploads\/2024\/10\/titan-life-03-300x200.jpg 300w\" sizes=\"auto, (max-width: 600px) 100vw, 600px\" \/><\/figure>\n<\/div>\n\n\n\n<div style=\"margin-right:0px;margin-left:0px\" class=\"wp-block-gb-for-slick-slider-slick-slider-item is-layout-flow wp-block-gb-for-slick-slider-slick-slider-item-is-layout-flow\">\n<figure class=\"wp-block-image aligncenter size-full is-resized\"><img loading=\"lazy\" decoding=\"async\" width=\"600\" height=\"400\" src=\"https:\/\/titanworldseries.com\/wp-content\/uploads\/2024\/10\/titan-life-02.jpg\" alt=\"\" class=\"wp-image-406\" style=\"width:600px\" srcset=\"https:\/\/titanworldseries.com\/wp-content\/uploads\/2024\/10\/titan-life-02.jpg 600w, https:\/\/titanworldseries.com\/wp-content\/uploads\/2024\/10\/titan-life-02-300x200.jpg 300w\" sizes=\"auto, (max-width: 600px) 100vw, 600px\" \/><\/figure>\n<\/div>\n\n\n\n<div style=\"margin-right:0px;margin-left:0px\" class=\"wp-block-gb-for-slick-slider-slick-slider-item is-layout-flow wp-block-gb-for-slick-slider-slick-slider-item-is-layout-flow\">\n<figure class=\"wp-block-image aligncenter size-full is-resized\"><img loading=\"lazy\" decoding=\"async\" width=\"600\" height=\"400\" src=\"https:\/\/titanworldseries.com\/wp-content\/uploads\/2024\/10\/titan-life-01.jpg\" alt=\"\" class=\"wp-image-405\" style=\"width:600px\" srcset=\"https:\/\/titanworldseries.com\/wp-content\/uploads\/2024\/10\/titan-life-01.jpg 600w, https:\/\/titanworldseries.com\/wp-content\/uploads\/2024\/10\/titan-life-01-300x200.jpg 300w\" sizes=\"auto, (max-width: 600px) 100vw, 600px\" \/><\/figure>\n<\/div>\n\n\n\n<div style=\"margin-right:0px;margin-left:0px\" class=\"wp-block-gb-for-slick-slider-slick-slider-item is-layout-flow wp-block-gb-for-slick-slider-slick-slider-item-is-layout-flow\">\n<figure class=\"wp-block-image aligncenter size-full is-resized\"><img loading=\"lazy\" decoding=\"async\" width=\"600\" height=\"400\" src=\"https:\/\/titanworldseries.com\/wp-content\/uploads\/2024\/10\/titan-life-03.jpg\" alt=\"\" class=\"wp-image-407\" style=\"width:600px\" srcset=\"https:\/\/titanworldseries.com\/wp-content\/uploads\/2024\/10\/titan-life-03.jpg 600w, https:\/\/titanworldseries.com\/wp-content\/uploads\/2024\/10\/titan-life-03-300x200.jpg 300w\" sizes=\"auto, (max-width: 600px) 100vw, 600px\" \/><\/figure>\n<\/div>\n\n\n\n<div style=\"margin-right:0px;margin-left:0px\" class=\"wp-block-gb-for-slick-slider-slick-slider-item is-layout-flow wp-block-gb-for-slick-slider-slick-slider-item-is-layout-flow\">\n<figure class=\"wp-block-image aligncenter size-full is-resized\"><img loading=\"lazy\" decoding=\"async\" width=\"600\" height=\"400\" src=\"https:\/\/titanworldseries.com\/wp-content\/uploads\/2024\/10\/titan-life-02.jpg\" alt=\"\" class=\"wp-image-406\" style=\"width:600px\" srcset=\"https:\/\/titanworldseries.com\/wp-content\/uploads\/2024\/10\/titan-life-02.jpg 600w, https:\/\/titanworldseries.com\/wp-content\/uploads\/2024\/10\/titan-life-02-300x200.jpg 300w\" sizes=\"auto, (max-width: 600px) 100vw, 600px\" \/><\/figure>\n<\/div>\n\n\n\n<div style=\"margin-right:0px;margin-left:0px\" class=\"wp-block-gb-for-slick-slider-slick-slider-item is-layout-flow wp-block-gb-for-slick-slider-slick-slider-item-is-layout-flow\">\n<figure class=\"wp-block-image aligncenter size-full is-resized\"><img loading=\"lazy\" decoding=\"async\" width=\"600\" height=\"400\" src=\"https:\/\/titanworldseries.com\/wp-content\/uploads\/2024\/10\/titan-life-01.jpg\" alt=\"\" class=\"wp-image-405\" style=\"width:600px\" srcset=\"https:\/\/titanworldseries.com\/wp-content\/uploads\/2024\/10\/titan-life-01.jpg 600w, https:\/\/titanworldseries.com\/wp-content\/uploads\/2024\/10\/titan-life-01-300x200.jpg 300w\" sizes=\"auto, (max-width: 600px) 100vw, 600px\" \/><\/figure>\n<\/div>\n<\/section>\n<\/div>\n\n<div class=\"wp-block-group alignwide is-layout-flow wp-block-group-is-layout-flow\" style=\"margin-top:0;margin-bottom:var(--wp--preset--spacing--40)\">\n<p style=\"font-size:clamp(16.293px, 1.018rem + ((1vw - 3.2px) * 0.907), 25px);font-style:normal;font-weight:600\">CUIDADO DEL ENTORNO. Compromiso Residuos 0<\/p>\n\n\n\n<p class=\"has-text-align-left\" style=\"font-size:clamp(14px, 0.875rem + ((1vw - 3.2px) * 0.625), 20px);font-style:normal;font-weight:500\">Es para las Titan World Series una prioridad el cuidado del entorno por el que pasa la carrera. Para ello se llevan a cabo toda una serie de acciones durante la carrera para minimizar lo m\u00e1ximo posible el impacto de la celebraci\u00f3n del evento:<\/p>\n\n\n\n<ul style=\"color:#000000;font-size:clamp(14px, 0.875rem + ((1vw - 3.2px) * 0.625), 20px);\" class=\"wp-block-list has-text-color has-link-color wp-elements-e4707b25527e877d860b7a863fe36135\">\n<li>Equipo de recogida de los desechos que pueden haber arrojado los participantes<\/li>\n\n\n\n<li>Prohibici\u00f3n de tirar residuos bajo sanci\u00f3n<\/li>\n\n\n\n<li>Instalaci\u00f3n de papeleras de reciclaje en todos los campamentos, as\u00ed como personas responsables de mantener la limpieza de los mismos<\/li>\n<\/ul>\n\n\n\n<p style=\"font-size:clamp(16.293px, 1.018rem + ((1vw - 3.2px) * 0.907), 25px);font-style:normal;font-weight:600\">MEJORA DE LA SOCIEDAD.<\/p>\n\n\n\n<p class=\"has-text-align-left\" style=\"font-size:clamp(14px, 0.875rem + ((1vw - 3.2px) * 0.625), 20px);font-style:normal;font-weight:500\">Desde Titan World Series queremos contribuir a la mejora de la sociedad y para ello se trabajan dos grandes programas que promueven la mejora de la sociedad a trav\u00e9s de la salud y de la promoci\u00f3n de modelos ejemplificantes para esta.<br\/><br\/><strong>Becas Titan Life<br\/><\/strong>Fomentan y visibilizan proyectos solidarios a trav\u00e9s de la participaci\u00f3n en la carrera. Varias iniciativas son premiadas con inscripciones gratuitas a la carrera para poder dar altavoz a sus causas.<br\/><br\/><strong>Volver a oir para volver a vivir<br\/><\/strong>Un proyecto con impacto directo en el territorio. Se busca ayudar a las personas con menos recursos de la zona en la que se desarrolla la carrera, haciendo pruebas de audici\u00f3n gratuitas, as\u00ed como proveyendo de aud\u00edfonos y orientando sobre su uso a las personas que lo necesiten.<\/p>\n<\/div>\n\n<div class=\"wp-block-group alignwide universo-titan is-layout-flow wp-block-group-is-layout-flow\" style=\"margin-bottom:var(--wp--preset--spacing--50)\">\n<h2 class=\"wp-block-heading has-text-align-center\">Titan Universe<\/h2>\n\n\n\n<div class=\"wp-block-columns is-layout-flex wp-container-core-columns-is-layout-28f84493 wp-block-columns-is-layout-flex\">\n<div class=\"wp-block-column is-layout-flow wp-block-column-is-layout-flow\">\n<div class=\"wp-block-group universo-titan-logo has-custom-color-1-background-color has-background has-global-padding is-layout-constrained wp-container-core-group-is-layout-1131737d wp-block-group-is-layout-constrained\" style=\"min-height:206px;margin-top:0;margin-bottom:0;padding-top:var(--wp--preset--spacing--20);padding-right:var(--wp--preset--spacing--20);padding-bottom:var(--wp--preset--spacing--20);padding-left:var(--wp--preset--spacing--20)\">\n<figure class=\"wp-block-image aligncenter size-full\"><img loading=\"lazy\" decoding=\"async\" width=\"158\" height=\"136\" src=\"https:\/\/titanworldseries.com\/wp-content\/uploads\/2024\/09\/once-in-a-lifetime.png\" alt=\"\" class=\"wp-image-129\"\/><\/figure>\n<\/div>\n\n\n\n<h3 class=\"wp-block-heading\" style=\"font-size:clamp(14px, 0.875rem + ((1vw - 3.2px) * 0.208), 16px);font-style:normal;font-weight:600\">ONCE IN A LIFE TIME<\/h3>\n\n\n\n<p style=\"font-size:12px\"><a href=\"https:\/\/titanworldseries.com\/en\/once-in-a-life-time\/\" data-type=\"page\" data-id=\"97\">More information<\/a><\/p>\n<\/div>\n\n\n\n<div class=\"wp-block-column is-layout-flow wp-block-column-is-layout-flow\">\n<div class=\"wp-block-group universo-titan-logo has-custom-color-1-background-color has-background has-global-padding is-layout-constrained wp-container-core-group-is-layout-1131737d wp-block-group-is-layout-constrained\" style=\"min-height:206px;margin-top:0;margin-bottom:0;padding-top:var(--wp--preset--spacing--20);padding-right:var(--wp--preset--spacing--20);padding-bottom:var(--wp--preset--spacing--20);padding-left:var(--wp--preset--spacing--20)\">\n<figure class=\"wp-block-image aligncenter size-full\"><img loading=\"lazy\" decoding=\"async\" width=\"227\" height=\"65\" src=\"https:\/\/titanworldseries.com\/wp-content\/uploads\/2024\/09\/she-titan.png\" alt=\"\" class=\"wp-image-133\"\/><\/figure>\n<\/div>\n\n\n\n<h3 class=\"wp-block-heading\" style=\"font-size:clamp(14px, 0.875rem + ((1vw - 3.2px) * 0.208), 16px);font-style:normal;font-weight:600\">SHE TITAN<\/h3>\n\n\n\n<p style=\"font-size:12px\"><a href=\"https:\/\/skodatitandesertmorocco.com\/she-titan\/\" data-type=\"page\" data-id=\"99\" target=\"_blank\" rel=\"noreferrer noopener\">More information<\/a><\/p>\n<\/div>\n\n\n\n<div class=\"wp-block-column is-layout-flow wp-block-column-is-layout-flow\">\n<div class=\"wp-block-group universo-titan-logo has-custom-color-1-background-color has-background has-global-padding is-layout-constrained wp-container-core-group-is-layout-1131737d wp-block-group-is-layout-constrained\" style=\"min-height:206px;margin-top:0;margin-bottom:0;padding-top:var(--wp--preset--spacing--20);padding-right:var(--wp--preset--spacing--20);padding-bottom:var(--wp--preset--spacing--20);padding-left:var(--wp--preset--spacing--20)\">\n<figure class=\"wp-block-image aligncenter size-full\"><img loading=\"lazy\" decoding=\"async\" width=\"181\" height=\"101\" src=\"https:\/\/titanworldseries.com\/wp-content\/uploads\/2024\/09\/titan-legend.png\" alt=\"\" class=\"wp-image-134\"\/><\/figure>\n<\/div>\n\n\n\n<h3 class=\"wp-block-heading\" style=\"font-size:clamp(14px, 0.875rem + ((1vw - 3.2px) * 0.208), 16px);font-style:normal;font-weight:600\">TITAN LEGEND<\/h3>\n\n\n\n<p style=\"font-size:12px\"><a href=\"https:\/\/titanworldseries.com\/en\/titan-legend\/\" data-type=\"page\" data-id=\"103\">More information<\/a><\/p>\n<\/div>\n<\/div>\n<\/div>\n","protected":false},"excerpt":{"rendered":"<p>Las Titan World Series reafirman su compromiso social a trav\u00e9s del programa TITAN LIFE. Una iniciativa que tiene como objetivo implementar medidas de acci\u00f3n y concienciar a los participantes, para lograr que el paso de la caravana de las diferentes pruebas de Titan World Series sea sostenible y respetuoso con el entorno, al mismo tiempo [&hellip;]<\/p>\n","protected":false},"author":7,"featured_media":0,"parent":0,"menu_order":0,"comment_status":"closed","ping_status":"closed","template":"","meta":{"_acf_changed":false,"footnotes":""},"class_list":["post-812","page","type-page","status-publish","hentry"],"acf":[],"_links":{"self":[{"href":"https:\/\/titanworldseries.com\/en\/wp-json\/wp\/v2\/pages\/812","targetHints":{"allow":["GET"]}}],"collection":[{"href":"https:\/\/titanworldseries.com\/en\/wp-json\/wp\/v2\/pages"}],"about":[{"href":"https:\/\/titanworldseries.com\/en\/wp-json\/wp\/v2\/types\/page"}],"author":[{"embeddable":true,"href":"https:\/\/titanworldseries.com\/en\/wp-json\/wp\/v2\/users\/7"}],"replies":[{"embeddable":true,"href":"https:\/\/titanworldseries.com\/en\/wp-json\/wp\/v2\/comments?post=812"}],"version-history":[{"count":1,"href":"https:\/\/titanworldseries.com\/en\/wp-json\/wp\/v2\/pages\/812\/revisions"}],"predecessor-version":[{"id":813,"href":"https:\/\/titanworldseries.com\/en\/wp-json\/wp\/v2\/pages\/812\/revisions\/813"}],"wp:attachment":[{"href":"https:\/\/titanworldseries.com\/en\/wp-json\/wp\/v2\/media?parent=812"}],"curies":[{"name":"wp","href":"https:\/\/api.w.org\/{rel}","templated":true}]}}